{"id":3,"date":"2020-12-15T16:52:12","date_gmt":"2020-12-15T16:52:12","guid":{"rendered":"http:\/\/decidim-austria.org\/?page_id=3"},"modified":"2023-07-05T17:06:27","modified_gmt":"2023-07-05T16:06:27","slug":"privacy-policy","status":"publish","type":"page","link":"https:\/\/decidim-austria.org\/?page_id=3","title":{"rendered":"Impressum &#038; Datenschutz"},"content":{"rendered":"\t\t<div data-elementor-type=\"wp-page\" data-elementor-id=\"3\" class=\"elementor elementor-3\" data-elementor-post-type=\"page\">\n\t\t\t\t\t\t<section class=\"elementor-section elementor-top-section elementor-element elementor-element-27c44657 elementor-section-boxed elementor-section-height-default elementor-section-height-default\" data-id=\"27c44657\" data-element_type=\"section\" data-e-type=\"section\">\n\t\t\t\t\t\t\t<div class=\"elementor-background-overlay\"><\/div>\n\t\t\t\t\t\t\t<div class=\"elementor-container elementor-column-gap-default\">\n\t\t\t\t\t<div class=\"elementor-column elementor-col-100 elementor-top-column elementor-element elementor-element-c00caed\" data-id=\"c00caed\" data-element_type=\"column\" data-e-type=\"column\">\n\t\t\t<div class=\"elementor-widget-wrap elementor-element-populated\">\n\t\t\t\t\t\t<div class=\"elementor-element elementor-element-5b838aa elementor-widget elementor-widget-text-editor\" data-id=\"5b838aa\" data-element_type=\"widget\" data-e-type=\"widget\" data-widget_type=\"text-editor.default\">\n\t\t\t\t<div class=\"elementor-widget-container\">\n\t\t\t\t\t\t\t\t\t<p><strong>Seiteninhaber: <\/strong><\/p><div class=\"elementor-text-editor elementor-clearfix\"><p><strong>mitgestalten Partizipationsb\u00fcro GmbH<\/strong><\/p><p>Sitz: c\/o Impact Hub Vienna<\/p><p>Lindengasse 56\/18-19<\/p><\/div><div class=\"elementor-text-editor elementor-clearfix\"><p>1070 Wien<\/p><p><em>FN<\/em>\u00a0562480 b<\/p><p>UID: ATU77362015<\/p><p>FB-Gericht: Wien<\/p><p><strong>Kontakt:<\/strong> Email: romy (at) mitgestalten.jetzt<\/p><p><strong>Tel:<\/strong> +43 (0) 664 99 66 51 33<\/p><p>Mitglied bei der Wirtschaftskammer Wien (Fachgruppe UBIT:Unternehmensberatung und IT sowie Werbung und Marktkommunikation )<\/p><p><strong>Aufrechte Gewerbe:<\/strong><\/p><p>Public Relations Agentur<\/p><p>Dienstleistungen der automatisierten Datenverarbeitung<\/p><p><strong>Website<\/strong><\/p><p>https:\/\/partizipationsbuero.at <\/p><\/div><p><strong>Datenschutz:<\/strong><\/p><p>mitgestalten Partizipationsb\u00fcro GmbH ist f\u00fcr die Datenverarbeitung verantwortlich. Die von Ihnen bekannt gegebenen Daten werden im Sinne des Datenschutzgrundverordnung ausschlie\u00dflich im Rahmen der Information \u00fcber mitgestalten.jetzt \/ Partizipationsbuero.at verwendet. Eine \u00dcbermittlung der verwendeten Daten an Dritte erfolgt nicht. Pers\u00f6nliche Daten, die beim Ausf\u00fcllen von Formularen freiwillig bekannt gegeben werden unterliegen dem Datenschutzgesetz. Diese pers\u00f6nlichen Daten fallen unter folgende Datenkategorie:<\/p><ul><li>Ansprechperson<\/li><li>Kontaktdaten (E-Mail-Adresse)<\/li><\/ul><p>Sie haben uns Daten \u00fcber sich freiwillig zur Verf\u00fcgung gestellt und wir verarbeiten diese Daten auf Grundlage Ihrer Einwilligung zu folgenden Zwecken:<\/p><ul><li>Betreuung des Kunden sowie<\/li><li>f\u00fcr eigene Werbezwecke, beispielsweise zur Zusendung von Angeboten, Werbeprospekten und Newsletter (in Papier- und elektronischer Form), sowie zum Zwecke des Hinweises auf die zum Kunden bestehende oder vormalige Gesch\u00e4ftsbeziehung (Referenzhinweis).<\/li><\/ul><p>Ein Widerruf der Zustimmung der Datenverwendung kann jederzeit formfrei schriftlich per E-Mail an die oben angegebene Adresse erfolgen. Die Daten werden grunds\u00e4tzlich auf unbestimmte Zeit gespeichert. Wenn der\/die Betroffene es ausdr\u00fccklich w\u00fcnscht, werden sie jedoch mit sofortiger Wirkung gel\u00f6scht bzw. k\u00f6nnen die Daten jederzeit richtig gestellt werden.<\/p><p><strong>Cookies<\/strong><\/p><p>Diese Website benutzt den Open Source Webanalysedienst Matomo. Matomo verwendet sog. \u201c<span class=\"il\">Cookies<\/span>\u201d. Das sind Textdateien, die auf Ihrem\u00a0Computer gespeichert werden und die eine Analyse der Benutzung der Website durch Sie erm\u00f6glichen. Dazu werden die durch den\u00a0<span class=\"il\">Cookie<\/span>\u00a0erzeugten\u00a0Informationen \u00fcber die Benutzung dieser Website auf unserem Server gespeichert. Die IP-Adresse wird vor der Speicherung anonymisiert.<\/p><p>Die durch den\u00a0<span class=\"il\">Cookie<\/span>\u00a0erzeugten Informationen \u00fcber die Benutzung dieser Website werden nicht an Dritte weitergegeben. Sie k\u00f6nnen die\u00a0Speicherung der\u00a0<span class=\"il\">Cookies<\/span>\u00a0durch eine entsprechende Einstellung Ihrer Browser-Software verhindern; wir weisen Sie jedoch darauf hin, dass Sie in\u00a0diesem Fall gegebenenfalls nicht s\u00e4mtliche Funktionen dieser Website vollumf\u00e4nglich werden nutzen k\u00f6nnen.<\/p><p>Wenn Sie mit der Speicherung und Nutzung Ihrer Daten nicht einverstanden sind, k\u00f6nnen Sie die Speicherung und Nutzung hier deaktivieren: <code><\/code><\/p><p id=\"matomo_opted_in_intro\"><code>Sie<br \/> haben die M\u00f6glichkeit zu verhindern, dass von Ihnen hier get\u00e4tigte<br \/>Aktionen analysiert und verkn\u00fcpft werden. Dies wird Ihre Privatsph\u00e4re<br \/>sch\u00fctzen, aber wird auch den Besitzer daran hindern, aus Ihren Aktionen<br \/>zu lernen und die Bedienbarkeit f\u00fcr Sie und andere Benutzer zu<br \/>verbessern.<\/code><\/p><form><p><code><br \/>        <input id=\"matomo_optout_checkbox\" checked=\"checked\" type=\"checkbox\" \/><br \/>        <label for=\"matomo_optout_checkbox\"><strong><br \/>        <span id=\"matomo_opted_in_label\">Ihr Besuch dieser Webseite wird aktuell von der Matomo Webanalyse erfasst. Diese Checkbox abw\u00e4hlen f\u00fcr Opt-Out.<\/span><\/strong><\/label><\/code><\/p><p><code>        <\/code><\/p><\/form><p>. In\u00a0diesem Fall wird in Ihrem Browser ein Opt-Out-<span class=\"il\">Cookie<\/span>\u00a0hinterlegt der verhindert, dass Matomo Nutzungsdaten speichert. Wenn Sie Ihre\u00a0<span class=\"il\">Cookies<\/span>\u00a0l\u00f6schen hat dies zur Folge, dass auch das Matomo Opt-Out-<span class=\"il\">Cookie<\/span> gel\u00f6scht wird. Das Opt-Out muss bei einem erneuten Besuch unserer Seite wieder\u00a0aktiviert werden.<\/p><p><strong>Copyright<\/strong><\/p><p>Die Website unterliegt dem Copyright. Vor der Verwendung von Informationen, Dokumenten ist Kontaktaufnahme erforderlich.\u00a0 Weiterverendung nach ausdr\u00fccklicher Genehmigung.<\/p><p>Externe Grafiken unterliegen dem Copyright. Image Source: <a href=\"http:\/\/www.wocintechchat.com\/\">WOCinTechChat<\/a>, <a href=\"https:\/\/www.iconfinder.com\/iconsets\/elpis\">Icon Finder<\/a>, shutterstock\/<a class=\"\" href=\"https:\/\/www.shutterstock.com\/de\/g\/ArtemKovalenco\" data-track-section=\"assetDescription\" data-track-action=\"click\" data-automation=\"AssetDetails_contributorLink\" data-track-label=\"contributorLink\">Artem Kovalenco<\/a><\/p><p><strong>Haftung<\/strong><\/p><p>mitgestalten Partizipationsb\u00fcro GmbH \u00fcbernimmt keinerlei Gew\u00e4hr f\u00fcr die Aktualit\u00e4t, Korrektheit, Vollst\u00e4ndigkeit oder Qualit\u00e4t der bereitgestellten Informationen auf der Website www.mitgestalten,jetzt \/ partizipationsbuero.at.\u00a0 Alle Angebote sind freibleibend und unverbindlich. Die mitgestalten Partizipationsb\u00fcro GmbH beh\u00e4lt es sich ausdr\u00fccklich vor, Teile der Website oder das gesamte Angebot ohne gesonderte Ank\u00fcndigung zu ver\u00e4ndern, zu erg\u00e4nzen, zu l\u00f6schen oder die Ver\u00f6ffentlichung zeitweise oder endg\u00fcltig einzustellen.<\/p><p><strong>Links\u00a0<\/strong><\/p><p>Wir haben keinen Einfluss auf den Inhalt anderer Homepages auf die externe Links verweisen. Wir \u00fcbernehmen keine Haftung hinsichtlich Richtigkeit, Aktualit\u00e4t oder eventueller rechtswidriger Inhalte beziehungsweise Datenschutzbestimmungen dieser anderen Homepages.<\/p><p>\u00a0<\/p><p>\u00a0<\/p><p>\u00a0<\/p>\t\t\t\t\t\t\t\t<\/div>\n\t\t\t\t<\/div>\n\t\t\t\t\t<\/div>\n\t\t<\/div>\n\t\t\t\t\t<\/div>\n\t\t<\/section>\n\t\t\t\t<section class=\"elementor-section elementor-top-section elementor-element elementor-element-fe34af5 elementor-section-boxed elementor-section-height-default elementor-section-height-default\" data-id=\"fe34af5\" data-element_type=\"section\" data-e-type=\"section\">\n\t\t\t\t\t\t<div class=\"elementor-container elementor-column-gap-default\">\n\t\t\t\t\t<div class=\"elementor-column elementor-col-33 elementor-top-column elementor-element elementor-element-8668fc8\" data-id=\"8668fc8\" data-element_type=\"column\" data-e-type=\"column\">\n\t\t\t<div class=\"elementor-widget-wrap\">\n\t\t\t\t\t\t\t<\/div>\n\t\t<\/div>\n\t\t\t\t<div class=\"elementor-column elementor-col-33 elementor-top-column elementor-element elementor-element-2d34182\" data-id=\"2d34182\" data-element_type=\"column\" data-e-type=\"column\">\n\t\t\t<div class=\"elementor-widget-wrap elementor-element-populated\">\n\t\t\t\t\t\t<div class=\"elementor-element elementor-element-e39ba4b elementor-widget elementor-widget-menu-anchor\" data-id=\"e39ba4b\" data-element_type=\"widget\" data-e-type=\"widget\" data-widget_type=\"menu-anchor.default\">\n\t\t\t\t<div class=\"elementor-widget-container\">\n\t\t\t\t\t\t\t<div class=\"elementor-menu-anchor\" id=\"kontakt\"><\/div>\n\t\t\t\t\t\t<\/div>\n\t\t\t\t<\/div>\n\t\t\t\t<div class=\"elementor-element elementor-element-a87edeb elementor-widget elementor-widget-heading\" data-id=\"a87edeb\" data-element_type=\"widget\" data-e-type=\"widget\" data-widget_type=\"heading.default\">\n\t\t\t\t<div class=\"elementor-widget-container\">\n\t\t\t\t\t<h2 class=\"elementor-heading-title elementor-size-default\">Kontakt<\/h2>\t\t\t\t<\/div>\n\t\t\t\t<\/div>\n\t\t\t\t\t<\/div>\n\t\t<\/div>\n\t\t\t\t<div class=\"elementor-column elementor-col-33 elementor-top-column elementor-element elementor-element-78039d9\" data-id=\"78039d9\" data-element_type=\"column\" data-e-type=\"column\">\n\t\t\t<div class=\"elementor-widget-wrap\">\n\t\t\t\t\t\t\t<\/div>\n\t\t<\/div>\n\t\t\t\t\t<\/div>\n\t\t<\/section>\n\t\t\t\t<section class=\"elementor-section elementor-top-section elementor-element elementor-element-f25b8ed elementor-section-boxed elementor-section-height-default elementor-section-height-default\" data-id=\"f25b8ed\" data-element_type=\"section\" data-e-type=\"section\" data-settings=\"{&quot;background_background&quot;:&quot;classic&quot;}\">\n\t\t\t\t\t\t<div class=\"elementor-container elementor-column-gap-default\">\n\t\t\t\t\t<div class=\"elementor-column elementor-col-33 elementor-top-column elementor-element elementor-element-a039a92\" data-id=\"a039a92\" data-element_type=\"column\" data-e-type=\"column\">\n\t\t\t<div class=\"elementor-widget-wrap\">\n\t\t\t\t\t\t\t<\/div>\n\t\t<\/div>\n\t\t\t\t<div class=\"elementor-column elementor-col-33 elementor-top-column elementor-element elementor-element-1597a08\" data-id=\"1597a08\" data-element_type=\"column\" data-e-type=\"column\">\n\t\t\t<div class=\"elementor-widget-wrap elementor-element-populated\">\n\t\t\t\t\t\t<div class=\"elementor-element elementor-element-02debc1 elementor-button-align-stretch elementor-widget elementor-widget-form\" data-id=\"02debc1\" data-element_type=\"widget\" data-e-type=\"widget\" data-settings=\"{&quot;step_next_label&quot;:&quot;Next&quot;,&quot;step_previous_label&quot;:&quot;Previous&quot;,&quot;button_width&quot;:&quot;100&quot;,&quot;step_type&quot;:&quot;number_text&quot;,&quot;step_icon_shape&quot;:&quot;circle&quot;}\" data-widget_type=\"form.default\">\n\t\t\t\t<div class=\"elementor-widget-container\">\n\t\t\t\t\t\t\t<form class=\"elementor-form\" method=\"post\" id=\"kontakt\" name=\"New Form\">\n\t\t\t<input type=\"hidden\" name=\"post_id\" value=\"3\"\/>\n\t\t\t<input type=\"hidden\" name=\"form_id\" value=\"02debc1\"\/>\n\t\t\t<input type=\"hidden\" name=\"referer_title\" value=\"Impressum &#038; Datenschutz\" \/>\n\n\t\t\t\t\t\t\t<input type=\"hidden\" name=\"queried_id\" value=\"3\"\/>\n\t\t\t\n\t\t\t<div class=\"elementor-form-fields-wrapper elementor-labels-above\">\n\t\t\t\t\t\t\t\t<div class=\"elementor-field-type-text elementor-field-group elementor-column elementor-field-group-name elementor-col-100\">\n\t\t\t\t\t\t\t\t\t\t\t\t<label for=\"form-field-name\" class=\"elementor-field-label\">\n\t\t\t\t\t\t\t\tName\t\t\t\t\t\t\t<\/label>\n\t\t\t\t\t\t\t\t\t\t\t\t\t\t<input size=\"1\" type=\"text\" name=\"form_fields[name]\" id=\"form-field-name\" class=\"elementor-field elementor-size-sm  elementor-field-textual\" placeholder=\"Name\">\n\t\t\t\t\t\t\t\t\t\t\t<\/div>\n\t\t\t\t\t\t\t\t<div class=\"elementor-field-type-email elementor-field-group elementor-column elementor-field-group-email elementor-col-100 elementor-field-required\">\n\t\t\t\t\t\t\t\t\t\t\t\t<label for=\"form-field-email\" class=\"elementor-field-label\">\n\t\t\t\t\t\t\t\tE-Mail Adresse\t\t\t\t\t\t\t<\/label>\n\t\t\t\t\t\t\t\t\t\t\t\t\t\t<input size=\"1\" type=\"email\" name=\"form_fields[email]\" id=\"form-field-email\" class=\"elementor-field elementor-size-sm  elementor-field-textual\" placeholder=\"E-Mail\" required=\"required\">\n\t\t\t\t\t\t\t\t\t\t\t<\/div>\n\t\t\t\t\t\t\t\t<div class=\"elementor-field-type-textarea elementor-field-group elementor-column elementor-field-group-message elementor-col-100\">\n\t\t\t\t\t\t\t\t\t\t\t\t<label for=\"form-field-message\" class=\"elementor-field-label\">\n\t\t\t\t\t\t\t\tNachricht\t\t\t\t\t\t\t<\/label>\n\t\t\t\t\t\t<textarea class=\"elementor-field-textual elementor-field  elementor-size-sm\" name=\"form_fields[message]\" id=\"form-field-message\" rows=\"4\" placeholder=\"Nachricht\"><\/textarea>\t\t\t\t<\/div>\n\t\t\t\t\t\t\t\t<div class=\"elementor-field-group elementor-column elementor-field-type-submit elementor-col-100 e-form__buttons\">\n\t\t\t\t\t<button class=\"elementor-button elementor-size-sm\" type=\"submit\">\n\t\t\t\t\t\t<span class=\"elementor-button-content-wrapper\">\n\t\t\t\t\t\t\t\t\t\t\t\t\t\t\t\t\t\t\t\t\t\t<span class=\"elementor-button-text\">Nachricht an Decidim.Austria abschicken<\/span>\n\t\t\t\t\t\t\t\t\t\t\t\t\t<\/span>\n\t\t\t\t\t<\/button>\n\t\t\t\t<\/div>\n\t\t\t<\/div>\n\t\t<\/form>\n\t\t\t\t\t\t<\/div>\n\t\t\t\t<\/div>\n\t\t\t\t\t<\/div>\n\t\t<\/div>\n\t\t\t\t<div class=\"elementor-column elementor-col-33 elementor-top-column elementor-element elementor-element-ab9414f\" data-id=\"ab9414f\" data-element_type=\"column\" data-e-type=\"column\">\n\t\t\t<div class=\"elementor-widget-wrap\">\n\t\t\t\t\t\t\t<\/div>\n\t\t<\/div>\n\t\t\t\t\t<\/div>\n\t\t<\/section>\n\t\t\t\t<\/div>\n\t\t","protected":false},"excerpt":{"rendered":"<p>Seiteninhaber: mitgestalten Partizipationsb\u00fcro GmbH Sitz: c\/o Impact Hub Vienna Lindengasse 56\/18-19 1070 Wien FN\u00a0562480 b UID: ATU77362015 FB-Gericht: Wien Kontakt: Email: romy (at) mitgestalten.jetzt Tel: +43 (0) 664 99 66 51 33 Mitglied bei der Wirtschaftskammer Wien (Fachgruppe UBIT:Unternehmensberatung und IT sowie Werbung und Marktkommunikation ) Aufrechte Gewerbe: Public Relations Agentur Dienstleistungen der automatisierten Datenverarbeitung &hellip;<\/p>\n<p class=\"read-more\"> <a class=\"\" href=\"https:\/\/decidim-austria.org\/?page_id=3\"> <span class=\"screen-reader-text\">Impressum &#038; Datenschutz<\/span> Read More &raquo;<\/a><\/p>\n","protected":false},"author":1,"featured_media":0,"parent":0,"menu_order":0,"comment_status":"closed","ping_status":"open","template":"","meta":{"site-sidebar-layout":"default","site-content-layout":"default","ast-site-content-layout":"","site-content-style":"default","site-sidebar-style":"default","ast-global-header-display":"","ast-banner-title-visibility":"","ast-main-header-display":"","ast-hfb-above-header-display":"","ast-hfb-below-header-display":"","ast-hfb-mobile-header-display":"","site-post-title":"disabled","ast-breadcrumbs-content":"","ast-featured-img":"","footer-sml-layout":"","theme-transparent-header-meta":"default","adv-header-id-meta":"","stick-header-meta":"","header-above-stick-meta":"","header-main-stick-meta":"","header-below-stick-meta":"","astra-migrate-meta-layouts":"","footnotes":""},"class_list":["post-3","page","type-page","status-publish","hentry"],"_links":{"self":[{"href":"https:\/\/decidim-austria.org\/index.php?rest_route=\/wp\/v2\/pages\/3","targetHints":{"allow":["GET"]}}],"collection":[{"href":"https:\/\/decidim-austria.org\/index.php?rest_route=\/wp\/v2\/pages"}],"about":[{"href":"https:\/\/decidim-austria.org\/index.php?rest_route=\/wp\/v2\/types\/page"}],"author":[{"embeddable":true,"href":"https:\/\/decidim-austria.org\/index.php?rest_route=\/wp\/v2\/users\/1"}],"replies":[{"embeddable":true,"href":"https:\/\/decidim-austria.org\/index.php?rest_route=%2Fwp%2Fv2%2Fcomments&post=3"}],"version-history":[{"count":58,"href":"https:\/\/decidim-austria.org\/index.php?rest_route=\/wp\/v2\/pages\/3\/revisions"}],"predecessor-version":[{"id":17761,"href":"https:\/\/decidim-austria.org\/index.php?rest_route=\/wp\/v2\/pages\/3\/revisions\/17761"}],"wp:attachment":[{"href":"https:\/\/decidim-austria.org\/index.php?rest_route=%2Fwp%2Fv2%2Fmedia&parent=3"}],"curies":[{"name":"wp","href":"https:\/\/api.w.org\/{rel}","templated":true}]}}